{"id":678,"date":"2019-12-20T07:38:14","date_gmt":"2019-12-20T07:38:14","guid":{"rendered":"http:\/\/rmt.diism.unisi.it\/?page_id=678"},"modified":"2019-12-20T08:52:02","modified_gmt":"2019-12-20T08:52:02","slug":"testi-conferenze","status":"publish","type":"page","link":"https:\/\/rmt.diism.unisi.it\/?page_id=678","title":{"rendered":"Testi conferenze"},"content":{"rendered":"<p style=\"text-align: center;\">Conferenze<\/p>\n<p style=\"text-align: left;\">Fabio Bellissima (Universit\u00e0 di Siena): <i>Matematica e musica: non solo numeri<\/i><\/p>\n<p>Claudio Bernardi (Universit\u00e0 Sapienza di Roma): <i>Insegnare matematica\u00a0\u00a0<a href=\"http:\/\/rmt.diism.unisi.it\/wp-content\/uploads\/2019\/12\/Bernardi_slide_ARMT-SI_19.pdf\">Bernardi_slide_ARMT SI_19<\/a><\/i><\/p>\n<p>Cinzia Bonotto (Universit\u00e0 di Padova): <i>Matematizzare il quotidiano e quotidianizzare la matematica\u00a0<a href=\"http:\/\/rmt.diism.unisi.it\/wp-content\/uploads\/2019\/12\/Bonotto_slide_ARMT-SI_19.pdf\">Bonotto_slide_ARMT SI_19<\/a><\/i><\/p>\n<p>Pietro Di Martino (Universit\u00e0 di Pisa): <i>Il problem solving: obiettivi e difficolt\u00e0\u00a0<a href=\"http:\/\/rmt.diism.unisi.it\/wp-content\/uploads\/2019\/12\/Di-Martino_slide_ARMT-SI_19.pdf\">Di Martino_slide_ARMT SI_19<\/a><\/i><\/p>\n<p>Michel Henry (IREM de Franche-Comt\u00e9): <i>Le concept de fonction et sa complexit\u00e9 dans les probl\u00e8mes du RMT\u00a0<a href=\"http:\/\/rmt.diism.unisi.it\/wp-content\/uploads\/2019\/12\/Henry_slide_ARMT-SI_19_it.pdf\">Henry_slide_ARMT SI_19_it<\/a><\/i><\/p>\n<p>M. Alessandra Mariotti (Universit\u00e0 di Siena): <i>Fare geometria in un mondo tecnologico<\/i><\/p>\n<p>Giancarlo Navarra (Progetto ArAl): <i>Didattica per problemi nell\u2019ambito del progetto ArAl\u00a0<a href=\"http:\/\/rmt.diism.unisi.it\/wp-content\/uploads\/2019\/12\/Navarra_slide_ARMT-SI_19.pdf\">Navarra_slide_ARMT SI_19<\/a><\/i><\/p>\n<p>Maria Piccione (GFMT): <i>Studenti e oggetti della matematica: un rapporto consapevole?<\/i><\/p>\n<p>Brunetto Piochi (GRIMeD): <i>Gioco e matematica: quando e perch\u00e9?\u00a0<a href=\"http:\/\/rmt.diism.unisi.it\/wp-content\/uploads\/2019\/12\/Piochi_slide_ARMT-SI_19.pdf\">Piochi_slide_ARMT SI_19<\/a><\/i><\/p>\n","protected":false},"excerpt":{"rendered":"<p>Conferenze Fabio Bellissima (Universit\u00e0 di Siena): Matematica e musica: non solo numeri Claudio Bernardi (Universit\u00e0 Sapienza di Roma): Insegnare matematica\u00a0\u00a0Bernardi_slide_ARMT SI_19 Cinzia Bonotto (Universit\u00e0 di Padova): Matematizzare il quotidiano e quotidianizzare la matematica\u00a0Bonotto_slide_ARMT SI_19 Pietro Di Martino (Universit\u00e0 di Pisa): &hellip;<\/p>\n<p class=\"read-more\"> <a class=\"more-link\" href=\"https:\/\/rmt.diism.unisi.it\/?page_id=678\"> <span class=\"screen-reader-text\">Testi conferenze<\/span> Leggi tutto &raquo;<\/a><\/p>\n","protected":false},"author":3,"featured_media":0,"parent":625,"menu_order":0,"comment_status":"closed","ping_status":"closed","template":"","meta":{"footnotes":""},"_links":{"self":[{"href":"https:\/\/rmt.diism.unisi.it\/index.php?rest_route=\/wp\/v2\/pages\/678"}],"collection":[{"href":"https:\/\/rmt.diism.unisi.it\/index.php?rest_route=\/wp\/v2\/pages"}],"about":[{"href":"https:\/\/rmt.diism.unisi.it\/index.php?rest_route=\/wp\/v2\/types\/page"}],"author":[{"embeddable":true,"href":"https:\/\/rmt.diism.unisi.it\/index.php?rest_route=\/wp\/v2\/users\/3"}],"replies":[{"embeddable":true,"href":"https:\/\/rmt.diism.unisi.it\/index.php?rest_route=%2Fwp%2Fv2%2Fcomments&post=678"}],"version-history":[{"count":3,"href":"https:\/\/rmt.diism.unisi.it\/index.php?rest_route=\/wp\/v2\/pages\/678\/revisions"}],"predecessor-version":[{"id":689,"href":"https:\/\/rmt.diism.unisi.it\/index.php?rest_route=\/wp\/v2\/pages\/678\/revisions\/689"}],"up":[{"embeddable":true,"href":"https:\/\/rmt.diism.unisi.it\/index.php?rest_route=\/wp\/v2\/pages\/625"}],"wp:attachment":[{"href":"https:\/\/rmt.diism.unisi.it\/index.php?rest_route=%2Fwp%2Fv2%2Fmedia&parent=678"}],"curies":[{"name":"wp","href":"https:\/\/api.w.org\/{rel}","templated":true}]}}